{"id":4288,"date":"2024-08-23T21:58:06","date_gmt":"2024-08-24T00:58:06","guid":{"rendered":"https:\/\/vomarli.com.br\/?post_type=product&#038;p=4288"},"modified":"2024-08-23T22:09:58","modified_gmt":"2024-08-24T01:09:58","slug":"pao-caseiro-bahia","status":"publish","type":"product","link":"https:\/\/vomarli.com.br\/?product=pao-caseiro-bahia","title":{"rendered":"P\u00e3o caseiro Bahia"},"content":{"rendered":"<p>O P\u00e3o Bahia com gordura animal <b>torna a massa mais macia, melhorando a textura do miolo e contribuindo para retardar o envelhecimento do p\u00e3o<\/b>, fazendo com que este fique macio e palat\u00e1vel por um per\u00edodo de tempo mais longo. As gorduras atuam ainda sobre o sabor (principalmente as gorduras animais) e sobre o valor nutricional.<\/p>\n","protected":false},"excerpt":{"rendered":"<p>O P\u00e3o Bahia com gordura animal torna a massa mais macia, melhorando a textura do miolo e contribuindo para retardar o envelhecimento do p\u00e3o, fazendo com que este fique macio e palat\u00e1vel por um per\u00edodo de tempo mais longo. As gorduras atuam ainda sobre o sabor (principalmente as gorduras animais) e sobre o valor nutricional.<\/p>\n<p>Ingredientes: Farinha de trigo especial enriquecida com \u00e1cido f\u00f3lico, Gordura su\u00edna, Fermento biol\u00f3gico, A\u00e7\u00facar e Sal.<\/p>\n<p>N\u00e3o cont\u00e9m emulsificantes e conservantes.<\/p>\n<p>CONT\u00c9M GL\u00daTEN.<\/p>\n<p>Al\u00e9rgicos: Cont\u00e9m Trigo e derivados de soja<\/p>\n<p>&nbsp;<\/p>\n<p><a href=\"http:\/\/vomarli.com.br\/wp-content\/uploads\/2024\/08\/PAO-BAHIA.png\"><img loading=\"lazy\" decoding=\"async\" width=\"300\" height=\"206\" class=\"size-medium wp-image-4290 aligncenter\" src=\"http:\/\/vomarli.com.br\/wp-content\/uploads\/2024\/08\/PAO-BAHIA-300x206.png\" alt=\"\" srcset=\"https:\/\/vomarli.com.br\/wp-content\/uploads\/2024\/08\/PAO-BAHIA-300x206.png 300w, https:\/\/vomarli.com.br\/wp-content\/uploads\/2024\/08\/PAO-BAHIA-600x412.png 600w, https:\/\/vomarli.com.br\/wp-content\/uploads\/2024\/08\/PAO-BAHIA.png 612w\" sizes=\"auto, (max-width: 300px) 100vw, 300px\" \/><\/a><\/p>\n<p>(*) % Valores Di\u00e1rios de refer\u00eancia com base em uma dieta de 2.000 kcal ou 8400 kJ. Seus valores di\u00e1rios podem ser maiores ou menores dependendo de suas necessidades energ\u00e9ticas.<\/p>\n<p>(**) O que s\u00e3o carboidratos l\u00edquidos? Carboidratos l\u00edquidos s\u00e3o aqueles que o corpo consegue digerir e, geralmente, n\u00e3o incluem as fibras. Descubra qual \u00e9 a quantidade ideal de carboidratos l\u00edquidos que voc\u00ea deve consumir:<\/p>\n","protected":false},"featured_media":4289,"template":"","meta":{"_monsterinsights_skip_tracking":false,"_monsterinsights_sitenote_active":false,"_monsterinsights_sitenote_note":"","_monsterinsights_sitenote_category":0},"product_cat":[41],"product_tag":[],"class_list":{"0":"post-4288","1":"product","2":"type-product","3":"status-publish","4":"has-post-thumbnail","6":"product_cat-paespeciais","8":"first","9":"instock","10":"featured","11":"shipping-taxable","12":"product-type-simple"},"_links":{"self":[{"href":"https:\/\/vomarli.com.br\/index.php?rest_route=\/wp\/v2\/product\/4288","targetHints":{"allow":["GET"]}}],"collection":[{"href":"https:\/\/vomarli.com.br\/index.php?rest_route=\/wp\/v2\/product"}],"about":[{"href":"https:\/\/vomarli.com.br\/index.php?rest_route=\/wp\/v2\/types\/product"}],"wp:featuredmedia":[{"embeddable":true,"href":"https:\/\/vomarli.com.br\/index.php?rest_route=\/wp\/v2\/media\/4289"}],"wp:attachment":[{"href":"https:\/\/vomarli.com.br\/index.php?rest_route=%2Fwp%2Fv2%2Fmedia&parent=4288"}],"wp:term":[{"taxonomy":"product_cat","embeddable":true,"href":"https:\/\/vomarli.com.br\/index.php?rest_route=%2Fwp%2Fv2%2Fproduct_cat&post=4288"},{"taxonomy":"product_tag","embeddable":true,"href":"https:\/\/vomarli.com.br\/index.php?rest_route=%2Fwp%2Fv2%2Fproduct_tag&post=4288"}],"curies":[{"name":"wp","href":"https:\/\/api.w.org\/{rel}","templated":true}]}}