{"id":4270,"date":"2023-06-16T17:10:25","date_gmt":"2023-06-16T20:10:25","guid":{"rendered":"https:\/\/vomarli.com.br\/?post_type=product&#038;p=4270"},"modified":"2023-06-16T19:16:29","modified_gmt":"2023-06-16T22:16:29","slug":"amendoim-doce-escuro-250g","status":"publish","type":"product","link":"https:\/\/vomarli.com.br\/?product=amendoim-doce-escuro-250g","title":{"rendered":"Amendoim doce escuro &#8211; 250g"},"content":{"rendered":"<p>O Amendoim Doce escuro \u00e9 um doce artesanal caseiro quem tem a base alimentar no amendoim que ajuda a melhorar o humor, \u00e9 um \u00f3timo antioxidante, protege a sa\u00fade dos ossos, o cora\u00e7\u00e3o e tamb\u00e9m o sistema nervoso.\u00a0 Rico em Vitamina E e fonte de Arginina, amino\u00e1cido que promove a produ\u00e7\u00e3o de \u00f3xido n\u00edtrico estimulando o aumento do fluxo sangu\u00edneo nos \u00f3rg\u00e3os genitais e aumentando a libido. Al\u00e9m disso, a presen\u00e7a Niacina e Vitamina do complexo B com fun\u00e7\u00e3o vasodilatadora. Seu sabor \u00e9 diferente de tudo o que voc\u00ea j\u00e1 provou. Experimente!<\/p>\n","protected":false},"excerpt":{"rendered":"<p>O Amendoim Doce escuro \u00e9 um doce artesanal caseiro quem tem a base alimentar no amendoim que ajuda a melhorar o humor, \u00e9 um \u00f3timo antioxidante, protege a sa\u00fade dos ossos, o cora\u00e7\u00e3o e tamb\u00e9m o sistema nervoso.\u00a0 Rico em Vitamina E e fonte de Arginina, amino\u00e1cido que promove a produ\u00e7\u00e3o de \u00f3xido n\u00edtrico estimulando o aumento do fluxo sangu\u00edneo nos \u00f3rg\u00e3os genitais e aumentando a libido. Al\u00e9m disso, a presen\u00e7a Niacina e Vitamina do complexo B com fun\u00e7\u00e3o vasodilatadora. Seu sabor \u00e9 diferente de tudo o que voc\u00ea j\u00e1 provou. Experimente!<\/p>\n<p>Ingredientes: Amendoim, a\u00e7\u00facar, fermento e sal.<\/p>\n<p>Al\u00e9rgicos: Cont\u00e9m amendoim e pode conter tra\u00e7os de soja.<\/p>\n<p>Informa\u00e7\u00f5es adicionais:<\/p>\n<p>Peso: 250g<br \/>\nPacotes perfeitos para venda no varejo, com c\u00f3digos de barras individuais.<\/p>\n","protected":false},"featured_media":4273,"template":"","meta":{"_monsterinsights_skip_tracking":false,"_monsterinsights_sitenote_active":false,"_monsterinsights_sitenote_note":"","_monsterinsights_sitenote_category":0},"product_cat":[42],"product_tag":[],"class_list":{"0":"post-4270","1":"product","2":"type-product","3":"status-publish","4":"has-post-thumbnail","6":"product_cat-doces","8":"first","9":"instock","10":"featured","11":"shipping-taxable","12":"product-type-simple"},"_links":{"self":[{"href":"https:\/\/vomarli.com.br\/index.php?rest_route=\/wp\/v2\/product\/4270","targetHints":{"allow":["GET"]}}],"collection":[{"href":"https:\/\/vomarli.com.br\/index.php?rest_route=\/wp\/v2\/product"}],"about":[{"href":"https:\/\/vomarli.com.br\/index.php?rest_route=\/wp\/v2\/types\/product"}],"wp:featuredmedia":[{"embeddable":true,"href":"https:\/\/vomarli.com.br\/index.php?rest_route=\/wp\/v2\/media\/4273"}],"wp:attachment":[{"href":"https:\/\/vomarli.com.br\/index.php?rest_route=%2Fwp%2Fv2%2Fmedia&parent=4270"}],"wp:term":[{"taxonomy":"product_cat","embeddable":true,"href":"https:\/\/vomarli.com.br\/index.php?rest_route=%2Fwp%2Fv2%2Fproduct_cat&post=4270"},{"taxonomy":"product_tag","embeddable":true,"href":"https:\/\/vomarli.com.br\/index.php?rest_route=%2Fwp%2Fv2%2Fproduct_tag&post=4270"}],"curies":[{"name":"wp","href":"https:\/\/api.w.org\/{rel}","templated":true}]}}