{"id":4153,"date":"2023-06-11T13:29:53","date_gmt":"2023-06-11T16:29:53","guid":{"rendered":"https:\/\/vomarli.com.br\/?post_type=product&#038;p=4153"},"modified":"2024-08-23T19:54:42","modified_gmt":"2024-08-23T22:54:42","slug":"pao-caseiro-integral-tradicional","status":"publish","type":"product","link":"https:\/\/vomarli.com.br\/?product=pao-caseiro-integral-tradicional","title":{"rendered":"P\u00e3o caseiro Integral"},"content":{"rendered":"<p>O p\u00e3o integral regula o tr\u00e2nsito intestinal com a a\u00e7\u00e3o de suas fibras, carboidratos resistentes \u00e0 digest\u00e3o que colaboram para a preven\u00e7\u00e3o de doen\u00e7as como constipa\u00e7\u00e3o, diverticulite e at\u00e9 mesmo c\u00e2ncer de intestino, c\u00f3lon e reto.<\/p>\n","protected":false},"excerpt":{"rendered":"<p>O p\u00e3o integral regula o tr\u00e2nsito intestinal com a a\u00e7\u00e3o de suas fibras, carboidratos resistentes \u00e0 digest\u00e3o que colaboram para a preven\u00e7\u00e3o de doen\u00e7as como constipa\u00e7\u00e3o, diverticulite e at\u00e9 mesmo c\u00e2ncer de intestino, c\u00f3lon e reto.<\/p>\n<p>Ingredientes: Farinha de trigo Integral, A\u00e7\u00facar mascavo, Gordura vegetal, Fermento biol\u00f3gico e Sal.<\/p>\n<p>N\u00e3o cont\u00e9m emulsificantes e conservantes.<\/p>\n<p>CONT\u00c9M GL\u00daTEN.<\/p>\n<p>Al\u00e9rgicos: Cont\u00e9m Trigo e derivados de soja<\/p>\n<p>&nbsp;<\/p>\n","protected":false},"featured_media":4154,"template":"","meta":{"_monsterinsights_skip_tracking":false,"_monsterinsights_sitenote_active":false,"_monsterinsights_sitenote_note":"","_monsterinsights_sitenote_category":0},"product_cat":[41],"product_tag":[],"class_list":{"0":"post-4153","1":"product","2":"type-product","3":"status-publish","4":"has-post-thumbnail","6":"product_cat-paespeciais","8":"first","9":"instock","10":"featured","11":"shipping-taxable","12":"product-type-simple"},"_links":{"self":[{"href":"https:\/\/vomarli.com.br\/index.php?rest_route=\/wp\/v2\/product\/4153","targetHints":{"allow":["GET"]}}],"collection":[{"href":"https:\/\/vomarli.com.br\/index.php?rest_route=\/wp\/v2\/product"}],"about":[{"href":"https:\/\/vomarli.com.br\/index.php?rest_route=\/wp\/v2\/types\/product"}],"wp:featuredmedia":[{"embeddable":true,"href":"https:\/\/vomarli.com.br\/index.php?rest_route=\/wp\/v2\/media\/4154"}],"wp:attachment":[{"href":"https:\/\/vomarli.com.br\/index.php?rest_route=%2Fwp%2Fv2%2Fmedia&parent=4153"}],"wp:term":[{"taxonomy":"product_cat","embeddable":true,"href":"https:\/\/vomarli.com.br\/index.php?rest_route=%2Fwp%2Fv2%2Fproduct_cat&post=4153"},{"taxonomy":"product_tag","embeddable":true,"href":"https:\/\/vomarli.com.br\/index.php?rest_route=%2Fwp%2Fv2%2Fproduct_tag&post=4153"}],"curies":[{"name":"wp","href":"https:\/\/api.w.org\/{rel}","templated":true}]}}