{"id":4145,"date":"2023-06-11T12:17:05","date_gmt":"2023-06-11T15:17:05","guid":{"rendered":"https:\/\/vomarli.com.br\/?post_type=product&#038;p=4145"},"modified":"2023-06-11T12:27:44","modified_gmt":"2023-06-11T15:27:44","slug":"pao-caseiro-tradicional-de-trigo","status":"publish","type":"product","link":"https:\/\/vomarli.com.br\/?product=pao-caseiro-tradicional-de-trigo","title":{"rendered":"P\u00e3o Caseiro Tradicional de Trigo"},"content":{"rendered":"<p>O p\u00e3o \u00e9 um alimento rico em carboidratos, portanto significa que \u00e9 uma \u00f3tima fonte de energia para realizar as suas tarefas di\u00e1rias. Isso porque o carboidrato tamb\u00e9m contribui para a forma\u00e7\u00e3o da serotonina &#8211; neurotransmissor respons\u00e1vel pela sensa\u00e7\u00e3o de bom humor e bem-estar.<\/p>\n","protected":false},"excerpt":{"rendered":"<p>O p\u00e3o \u00e9 um alimento rico em carboidratos, portanto significa que \u00e9 uma \u00f3tima fonte de energia para realizar as suas tarefas di\u00e1rias. Isso porque o carboidrato tamb\u00e9m contribui para a forma\u00e7\u00e3o da serotonina &#8211; neurotransmissor respons\u00e1vel pela sensa\u00e7\u00e3o de bom humor e bem-estar.<\/p>\n<p>Ingredientes: Farinha de trigo especial enriquecida com ferro e \u00e1cido f\u00f3lico, A\u00e7\u00facar, Banha su\u00edna,Fermento biol\u00f3gico e Sal.<\/p>\n<p>N\u00e3o cont\u00e9m emulsificantes e conservantes.<\/p>\n<p>CONT\u00c9M GL\u00daTEN.<\/p>\n<p>Al\u00e9rgicos: Cont\u00e9m Trigo<\/p>\n","protected":false},"featured_media":4146,"template":"","meta":{"_monsterinsights_skip_tracking":false,"_monsterinsights_sitenote_active":false,"_monsterinsights_sitenote_note":"","_monsterinsights_sitenote_category":0},"product_cat":[39],"product_tag":[],"class_list":{"0":"post-4145","1":"product","2":"type-product","3":"status-publish","4":"has-post-thumbnail","6":"product_cat-paes","8":"first","9":"instock","10":"featured","11":"shipping-taxable","12":"product-type-simple"},"_links":{"self":[{"href":"https:\/\/vomarli.com.br\/index.php?rest_route=\/wp\/v2\/product\/4145","targetHints":{"allow":["GET"]}}],"collection":[{"href":"https:\/\/vomarli.com.br\/index.php?rest_route=\/wp\/v2\/product"}],"about":[{"href":"https:\/\/vomarli.com.br\/index.php?rest_route=\/wp\/v2\/types\/product"}],"wp:featuredmedia":[{"embeddable":true,"href":"https:\/\/vomarli.com.br\/index.php?rest_route=\/wp\/v2\/media\/4146"}],"wp:attachment":[{"href":"https:\/\/vomarli.com.br\/index.php?rest_route=%2Fwp%2Fv2%2Fmedia&parent=4145"}],"wp:term":[{"taxonomy":"product_cat","embeddable":true,"href":"https:\/\/vomarli.com.br\/index.php?rest_route=%2Fwp%2Fv2%2Fproduct_cat&post=4145"},{"taxonomy":"product_tag","embeddable":true,"href":"https:\/\/vomarli.com.br\/index.php?rest_route=%2Fwp%2Fv2%2Fproduct_tag&post=4145"}],"curies":[{"name":"wp","href":"https:\/\/api.w.org\/{rel}","templated":true}]}}